{"id":30,"date":"2026-01-01T17:29:27","date_gmt":"2026-01-01T14:29:27","guid":{"rendered":"https:\/\/www.turkeysummerdancefestival.com\/otp\/?page_id=30"},"modified":"2026-02-09T07:31:26","modified_gmt":"2026-02-09T04:31:26","slug":"iletisim","status":"publish","type":"page","link":"https:\/\/www.turkeysummerdancefestival.com\/otp\/iletisim\/","title":{"rendered":"\u0130leti\u015fim"},"content":{"rendered":"<p>[vc_row content_placement=&#8221;middle&#8221; parallax=&#8221;enable_parallax&#8221; bg_position=&#8221;center top&#8221; enable_overlay=&#8221;yes&#8221; enable_row_dividers=&#8221;yes&#8221; css=&#8221;.vc_custom_1648477417032{padding-top: 140px !important;padding-bottom: 80px !important;background: #191919 url(https:\/\/www.turkeysummerdancefestival.com\/wp-content\/uploads\/2022\/03\/page-bg-3.jpg?id=110);background-position: center;background-repeat: no-repeat !important;background-size: cover !important;}&#8221; overlay_bg=&#8221;rgba(25, 25, 25, 0.76)&#8221; row_svg_divider=&#8221;bottom_shape_type:9|bottom_shape_color:%23f9f9f9|bottom_shape_height:40&#8243; responsive_css=&#8221;padding_top_medium:170px&#8221;][vc_column]<style>.ld_spacer_69d7bcb35d3bc{height:32px;}<\/style>\n<div class=\"ld-empty-space ld_spacer_69d7bcb35d3bc\"><\/div>[vc_row_inner responsive_css=&#8221;margin_top_large:0px&#8221; css=&#8221;.vc_custom_1650278180718{margin-top: -80px !important;}&#8221;][vc_column_inner responsive_align=&#8221;text-center text-lg-left&#8221;]<style>.ld_fancy_heading_69d7bcb35d600 h6{color:rgb(255, 255, 255);}.ld_fancy_heading_69d7bcb35d600 h6 {font-size:12px; } .ld_fancy_heading_69d7bcb35d600 h6 {font-weight:700; } .ld_fancy_heading_69d7bcb35d600 h6 {letter-spacing:0.08em; } .ld_fancy_heading_69d7bcb35d600 h6 {margin-bottom:1em !important;  } .ld_fancy_heading_69d7bcb35d600 .lqd-highlight-inner{height:0.275em!important;bottom:0px!important;}.ld_fancy_heading_69d7bcb35d600 h6 {font-size:12px; } .ld_fancy_heading_69d7bcb35d600 h6 {font-weight:700; } .ld_fancy_heading_69d7bcb35d600 h6 {letter-spacing:0.08em; } .ld_fancy_heading_69d7bcb35d600 h6 {margin-bottom:1em !important;  } <\/style><div class=\"ld-fancy-heading text-uppercase ld_fancy_heading_69d7bcb35d600\">\n\t<h6 class=\"ld-fh-element lqd-highlight-underline lqd-highlight-grow-left text-decoration-default\"   >  Turkey Summer Dance Festival<\/h6><\/div>[\/vc_column_inner][\/vc_row_inner][vc_row_inner content_placement=&#8221;middle&#8221;][vc_column_inner width=&#8221;2\/3&#8243; el_class=&#8221;page-title&#8221; responsive_align=&#8221;text-center text-lg-left&#8221;]<style>.ld_fancy_heading_69d7bcb35e439 h1{color:rgb(255, 255, 255);}@media (min-width: 1200px) { .ld_fancy_heading_69d7bcb35e439 h1 {font-size:54px; }  } @media (min-width: 1200px) { .ld_fancy_heading_69d7bcb35e439 h1 {line-height:0.9em; }  } @media (min-width: 1200px) { .ld_fancy_heading_69d7bcb35e439 h1 {--element-line-height:0.9em; }  } .ld_fancy_heading_69d7bcb35e439 .lqd-highlight-inner{height:0.275em!important;bottom:0px!important;}@media (min-width: 1200px) { .ld_fancy_heading_69d7bcb35e439 h1 {font-size:54px; }  } @media (min-width: 1200px) { .ld_fancy_heading_69d7bcb35e439 h1 {line-height:0.9em; }  } @media (min-width: 1200px) { .ld_fancy_heading_69d7bcb35e439 h1 {--element-line-height:0.9em; }  } <\/style><div class=\"ld-fancy-heading ld_fancy_heading_69d7bcb35e439\">\n\t<h1 class=\"ld-fh-element lqd-highlight-underline lqd-highlight-grow-left text-decoration-default\"   >  TDSF \u0130leti\u015fim<\/h1><\/div>[\/vc_column_inner][vc_column_inner width=&#8221;1\/3&#8243; responsive_align=&#8221;text-center text-lg-right&#8221;]<style>.ld_fancy_heading_69d7bcb35f03b p{color:rgb(247, 217, 38);}@media (min-width: 1200px) { .ld_fancy_heading_69d7bcb35f03b p {font-size:14px; }  } @media (min-width: 1200px) { .ld_fancy_heading_69d7bcb35f03b p {line-height:16px; }  } @media (min-width: 1200px) { .ld_fancy_heading_69d7bcb35f03b p {--element-line-height:16px; }  } @media (min-width: 1200px) { .ld_fancy_heading_69d7bcb35f03b p {font-weight:400; }  } .ld_fancy_heading_69d7bcb35f03b .lqd-highlight-inner{height:0.275em!important;bottom:0px!important;}@media (min-width: 1200px) { .ld_fancy_heading_69d7bcb35f03b p {font-size:14px; }  } @media (min-width: 1200px) { .ld_fancy_heading_69d7bcb35f03b p {line-height:16px; }  } @media (min-width: 1200px) { .ld_fancy_heading_69d7bcb35f03b p {--element-line-height:16px; }  } @media (min-width: 1200px) { .ld_fancy_heading_69d7bcb35f03b p {font-weight:400; }  } <\/style><div class=\"ld-fancy-heading ld_fancy_heading_69d7bcb35f03b\">\n\t<p class=\"ld-fh-element lqd-highlight-underline lqd-highlight-grow-left text-decoration-default\"   >  \u015eu Anda Buradas\u0131n\u0131z<\/p><\/div><style>.ld_simple_menu_69d7bcb35f649 > ul > li > a{color:rgb(255, 255, 255);}.ld_simple_menu_69d7bcb35f649{margin-inline-start:-8px;margin-inline-end:-8px;}.ld_simple_menu_69d7bcb35f649 li{margin-inline-start:8px;margin-inline-end:8px;}.lqd-stickybar > .lqd-head-col > .header-module > .ld_simple_menu_69d7bcb35f649 li{margin-top:8px;margin-bottom:8px;}.ld_simple_menu_69d7bcb35f649 > ul > li > a:hover, .ld_simple_menu_69d7bcb35f649 li.is-active > a{color:rgb(247, 217, 38);}<\/style><div class=\"lqd-fancy-menu lqd-simple-menu ld_simple_menu_69d7bcb35f649\">\n\t<ul class=\"lqd-simple-menu-ul reset-ul inline-nav\">\n\t<li><a href=\"https:\/\/www.turkeysummerdancefestival.com\/otp\/\"><span class=\"link-icon left-icon icon-next-to-label\"><i class=\"fa fa-home\"><\/i><\/span> Ana Sayfa<\/a><\/li><li><a href=\"\/iletisim\"> \u0130leti\u015fim<\/a><\/li>\t<\/ul>\n<\/div>[\/vc_column_inner][\/vc_row_inner]<style>.ld_spacer_69d7bcb35f861{height:32px;}<\/style>\n<div class=\"ld-empty-space ld_spacer_69d7bcb35f861\"><\/div>[\/vc_column][\/vc_row][vc_row content_placement=&#8221;middle&#8221; responsive_css=&#8221;margin_top_large:50px|margin_bottom_large:70px&#8221; css=&#8221;.vc_custom_1650278215795{margin-top: 50px !important;}&#8221;][vc_column width=&#8221;1\/3&#8243; responsive_css=&#8221;padding_top_large:35px|padding_bottom_large:35px&#8221;]<style>.ld_fancy_heading_69d7bcb35f9dc h2 {font-size:34px; } @media (min-width: 992px) { .ld_fancy_heading_69d7bcb35f9dc h2 {padding-right:14% !important;  }  } .ld_fancy_heading_69d7bcb35f9dc .lqd-highlight-inner{height:0.275em!important;bottom:0px!important;}.ld_fancy_heading_69d7bcb35f9dc h2 {font-size:34px; } @media (min-width: 992px) { .ld_fancy_heading_69d7bcb35f9dc h2 {padding-right:14% !important;  }  } <\/style><div class=\"ld-fancy-heading ld_fancy_heading_69d7bcb35f9dc\">\n\t<h2 class=\"ld-fh-element lqd-highlight-underline lqd-highlight-grow-left text-decoration-default\"   >  \u0130leti\u015fim Bilgileri<\/h2><\/div>[vc_separator align=&#8221;align_left&#8221; border_width=&#8221;4&#8243; el_width=&#8221;20&#8243; css=&#8221;.vc_custom_1650053252565{margin-bottom: 20px !important;border-radius: 10px !important;}&#8221;]<style>.ld_fancy_heading_69d7bcb35fced p {font-size:16px; } .ld_fancy_heading_69d7bcb35fced p {margin-bottom:1.25em !important;  } .ld_fancy_heading_69d7bcb35fced .lqd-highlight-inner{height:0.275em!important;bottom:0px!important;}.ld_fancy_heading_69d7bcb35fced p {font-size:16px; } .ld_fancy_heading_69d7bcb35fced p {margin-bottom:1.25em !important;  } <\/style><div class=\"ld-fancy-heading ld_fancy_heading_69d7bcb35fced\">\n\t<p class=\"ld-fh-element lqd-highlight-underline lqd-highlight-grow-left text-decoration-default\"   >  Akl\u0131n\u0131za tak\u0131lan her t\u00fcrl\u00fc soruyu yan\u0131tlamak i\u00e7in buraday\u0131z.<br \/>\n\u0130leti\u015fim formu arac\u0131l\u0131\u011f\u0131yla bize ula\u015fmaktan \u00e7ekinmeyin.<\/p><\/div>[vc_separator align=&#8221;align_left&#8221; border_width=&#8221;4&#8243; el_width=&#8221;20&#8243; css=&#8221;.vc_custom_1650053252565{margin-bottom: 20px !important;border-radius: 10px !important;}&#8221;]<style>.ld_icon_box_69d7bcb35ffe2 .iconbox-icon-container{color:rgb(204, 204, 204);font-size:18px;border-radius:px;}.ld_icon_box_69d7bcb35ffe2 .lqd-iconbox-title{color:rgba(0, 0, 0, 0.6);font-size:16px;}<\/style>\n<div class=\"iconbox iconbox-inline text-align-default align-items-center ld_icon_box_69d7bcb35ffe2 vc_custom_1743585918061\" id=\"ld_icon_box_69d7bcb35ffe2\"  data-animate-icon=\"true\" data-plugin-options='{\"color\":\"rgb(204, 204, 204)\"}'  >\n\t\n\t\t\t\t\t\n\t\n\t<div class=\"iconbox-icon-wrap\"><span class=\"iconbox-icon-container\"><i class=\"fas fa-map-marker-alt\"><\/i><\/span><\/div>\t\n\t<p class=\"lqd-iconbox-title font-weight-normal\">Fo\u00e7a Mah. Yerg\u00fczler Cad. No 59\/4 Fethiye<\/p>\t\n\t\t\n\t\t\n\t\t\t\t\n\t\t\n\t\n<\/div>\n[vc_separator css=&#8221;.vc_custom_1650053102914{margin-top: 5px !important;margin-bottom: 10px !important;}&#8221;]<style>.ld_icon_box_69d7bcb3608c0 .iconbox-icon-container{color:rgb(204, 204, 204);font-size:18px;border-radius:px;}.ld_icon_box_69d7bcb3608c0 .lqd-iconbox-title{color:rgba(0, 0, 0, 0.6);margin-bottom:px;font-size:16px;}<\/style>\n<div class=\"iconbox iconbox-inline text-align-default align-items-center ld_icon_box_69d7bcb3608c0 vc_custom_1743585938451\" id=\"ld_icon_box_69d7bcb3608c0\"  data-animate-icon=\"true\" data-plugin-options='{\"color\":\"rgb(204, 204, 204)\"}'  >\n\t\n\t\t\t\t\t\n\t\n\t<div class=\"iconbox-icon-wrap\"><span class=\"iconbox-icon-container\"><i class=\"fas fa-envelope\"><\/i><\/span><\/div>\t\n\t<p class=\"lqd-iconbox-title font-weight-normal\">Email: turkeysummerdancefestival@gmail.com<\/p>\t\n\t\t\n\t\t\n\t\t\t\t\n\t\t\n\t\n<\/div>\n[vc_separator css=&#8221;.vc_custom_1650053102914{margin-top: 5px !important;margin-bottom: 10px !important;}&#8221;]<style>.ld_icon_box_69d7bcb361783 .iconbox-icon-container{color:rgb(204, 204, 204);font-size:18px;border-radius:px;}.ld_icon_box_69d7bcb361783 .lqd-iconbox-title{color:rgba(0, 0, 0, 0.6);margin-bottom:px;font-size:16px;}<\/style>\n<div class=\"iconbox iconbox-inline text-align-default align-items-center ld_icon_box_69d7bcb361783 vc_custom_1770584540126\" id=\"ld_icon_box_69d7bcb361783\"  data-animate-icon=\"true\" data-plugin-options='{\"color\":\"rgb(204, 204, 204)\"}'  >\n\t\n\t\t\t\t\t\n\t\n\t<div class=\"iconbox-icon-wrap\"><span class=\"iconbox-icon-container\"><i class=\"fas fa-tty\"><\/i><\/span><\/div>\t\n\t<p class=\"lqd-iconbox-title font-weight-normal\">Telefon: +(90) 555 874 45 55<\/p>\t\n\t\t\n\t\t\n\t\t\t\t\n\t\t\n\t\n<\/div>\n<style>.ld_fancy_heading_69d7bcb361d41 h2 {font-size:22px; } @media (min-width: 992px) { .ld_fancy_heading_69d7bcb361d41 h2 {padding-right:14% !important;  }  } .ld_fancy_heading_69d7bcb361d41 .lqd-highlight-inner{height:0.275em!important;bottom:0px!important;}.ld_fancy_heading_69d7bcb361d41 h2 {font-size:22px; } @media (min-width: 992px) { .ld_fancy_heading_69d7bcb361d41 h2 {padding-right:14% !important;  }  } <\/style><div class=\"ld-fancy-heading ld_fancy_heading_69d7bcb361d41\">\n\t<h2 class=\"ld-fh-element lqd-highlight-underline lqd-highlight-grow-left text-decoration-default\"   >  \u00c7al\u0131\u015fma Saatleri<\/h2><\/div>[vc_separator align=&#8221;align_left&#8221; border_width=&#8221;4&#8243; el_width=&#8221;20&#8243; css=&#8221;.vc_custom_1650053252565{margin-bottom: 20px !important;border-radius: 10px !important;}&#8221;]<style>.ld_fancy_heading_69d7bcb362588 p {font-size:16px; } .ld_fancy_heading_69d7bcb362588 p {margin-bottom:1.25em !important;  } .ld_fancy_heading_69d7bcb362588 .lqd-highlight-inner{height:0.275em!important;bottom:0px!important;}.ld_fancy_heading_69d7bcb362588 p {font-size:16px; } .ld_fancy_heading_69d7bcb362588 p {margin-bottom:1.25em !important;  } <\/style><div class=\"ld-fancy-heading ld_fancy_heading_69d7bcb362588\">\n\t<p class=\"ld-fh-element lqd-highlight-underline lqd-highlight-grow-left text-decoration-default\"   >  Pazartesi-Cuma: 08:00 \u2013 21:00<\/p><\/div><style>.ld_fancy_heading_69d7bcb362ee3 h2 {font-size:22px; } @media (min-width: 992px) { .ld_fancy_heading_69d7bcb362ee3 h2 {padding-right:14% !important;  }  } .ld_fancy_heading_69d7bcb362ee3 .lqd-highlight-inner{height:0.275em!important;bottom:0px!important;}.ld_fancy_heading_69d7bcb362ee3 h2 {font-size:22px; } @media (min-width: 992px) { .ld_fancy_heading_69d7bcb362ee3 h2 {padding-right:14% !important;  }  } <\/style><div class=\"ld-fancy-heading ld_fancy_heading_69d7bcb362ee3\">\n\t<h2 class=\"ld-fh-element lqd-highlight-underline lqd-highlight-grow-left text-decoration-default\"   >  Sosyal Medya Hesaplar\u0131m\u0131z<\/h2><\/div>[vc_separator align=&#8221;align_left&#8221; border_width=&#8221;4&#8243; el_width=&#8221;20&#8243; css=&#8221;.vc_custom_1650053252565{margin-bottom: 20px !important;border-radius: 10px !important;}&#8221;]<style>.ld_social_icons_69d7bcb3632ed{font-size:30px;}.ld_social_icons_69d7bcb3632ed a{width: !important;height: !important;}.ld_social_icons_69d7bcb3632ed li a{color:rgb(25, 25, 25)!important;border-color:!important;background-color:!important;}.ld_social_icons_69d7bcb3632ed li a:hover{border-color:!important;color:rgb(0, 0, 0)!important;background-color:!important;}<\/style><ul class=\"social-icon social-icon-border-none social-icon-lg ld_social_icons_69d7bcb3632ed\" id=ld_social_icons_69d7bcb3632ed>\n<li><a href=\"https:\/\/www.facebook.com\/fethiyedancecampofficial\" target=\"_blank\"><i class=\"fab fa-facebook\"><\/i><\/a><\/li><li><a href=\"https:\/\/www.instagram.com\/fethiyedancecamp\/\" target=\"_blank\"><i class=\"fab fa-instagram\"><\/i><\/a><\/li><li><a href=\"https:\/\/open.spotify.com\/playlist\/7FMfHmTDjgXuwoXz94UOgR\" target=\"_blank\"><i class=\"fab fa-spotify\"><\/i><\/a><\/li><li><a href=\"https:\/\/www.youtube.com\/channel\/UCdwRXmhKQo1koHnhDgjOo7g\" target=\"_blank\"><i class=\"fab fa-youtube\"><\/i><\/a><\/li><li><a href=\"https:\/\/wa.me\/905558744555\" target=\"_blank\"><i class=\"fab fa-whatsapp\"><\/i><\/a><\/li><\/ul>[vc_row_inner disable_element=&#8221;yes&#8221;][vc_column_inner enable_column_shadowbox=&#8221;yes&#8221; responsive_css=&#8221;padding_top_large:15px|padding_right_large:15px|padding_bottom_large:15px|padding_left_large:15px&#8221; css=&#8221;.vc_custom_1627324039660{padding-top: 15px !important;padding-right: 15px !important;padding-bottom: 15px !important;padding-left: 15px !important;background-color: #ffffff !important;border-radius: 10px !important;}&#8221; column_box_shadow=&#8221;%5B%7B%22x_offset%22%3A%2220px%22%2C%22y_offset%22%3A%2240px%22%2C%22blur_radius%22%3A%2260px%22%2C%22shadow_color%22%3A%22rgba(0%2C%200%2C%200%2C%200.07)%22%7D%5D&#8221;]<style>.ld_icon_box_69d7bcb363536 .iconbox-icon-wrap{margin-inline-end:10px !important;}.ld_icon_box_69d7bcb363536 .lqd-iconbox-title{color:rgb(25, 25, 25);margin-bottom:1px;font-size:18px;}.ld_icon_box_69d7bcb363536 .iconbox-icon-container{border-radius:px;}.ld_icon_box_69d7bcb363536 .iconbox-icon-container img,.ld_icon_box_69d7bcb363536 .iconbox-icon-container > svg{width:48px !important;}<\/style>\n<div class=\"iconbox iconbox-side text-align-default align-items-center ld_icon_box_69d7bcb363536 vc_custom_1635710876128\" id=\"ld_icon_box_69d7bcb363536\"   >\n\t\n\t\t\t\t\t\n\t\n\t<div class=\"iconbox-icon-wrap\"><span class=\"iconbox-icon-container\"><img decoding=\"async\" src=\"\" class=\"liquid-image-icon\" \/><\/span><\/div>\t\n\t\t\n\t<div class=\"contents\">\t\n\t\t\n\t<h3 class=\"lqd-iconbox-title font-weight-bold\">Italy Representative<\/h3>\t<p><span style=\"font-size: 18px\">Angelo J Rito<\/span><\/p>\n\t\t\n\t<\/div>\t\n\t\n<\/div>\n<style>.ld_fancy_heading_69d7bcb3643d8 p {font-size:15px; } @media (min-width: 1200px) { .ld_fancy_heading_69d7bcb3643d8 p {margin-bottom:0.25em !important;  }  } .ld_fancy_heading_69d7bcb3643d8 .lqd-highlight-inner{height:0.275em!important;bottom:0px!important;}.ld_fancy_heading_69d7bcb3643d8 p {font-size:15px; } @media (min-width: 1200px) { .ld_fancy_heading_69d7bcb3643d8 p {margin-bottom:0.25em !important;  }  } <\/style><div class=\"ld-fancy-heading ld_fancy_heading_69d7bcb3643d8\">\n\t<p class=\"ld-fh-element lqd-highlight-underline lqd-highlight-grow-left text-decoration-default\"   >  Email: italy@fethiyedancefestival.com<\/p><\/div><style>.ld_fancy_heading_69d7bcb3652c9 p {font-size:15px; } @media (min-width: 1200px) { .ld_fancy_heading_69d7bcb3652c9 p {margin-bottom:0.25em !important;  }  } .ld_fancy_heading_69d7bcb3652c9 .lqd-highlight-inner{height:0.275em!important;bottom:0px!important;}.ld_fancy_heading_69d7bcb3652c9 p {font-size:15px; } @media (min-width: 1200px) { .ld_fancy_heading_69d7bcb3652c9 p {margin-bottom:0.25em !important;  }  } <\/style><div class=\"ld-fancy-heading ld_fancy_heading_69d7bcb3652c9\">\n\t<p class=\"ld-fh-element lqd-highlight-underline lqd-highlight-grow-left text-decoration-default\"   >  Phone: +90 000 000 00 00<\/p><\/div>[\/vc_column_inner][\/vc_row_inner][\/vc_column][vc_column width=&#8221;2\/3&#8243; enable_column_shadowbox=&#8221;yes&#8221; responsive_css=&#8221;padding_top_large:35px|padding_right_large:35px|padding_bottom_large:15px|padding_left_large:35px&#8221; css=&#8221;.vc_custom_1627324150374{margin-top: 50px !important;margin-bottom: 50px !important;padding-top: 20px !important;padding-right: 20px !important;padding-bottom: 10px !important;padding-left: 20px !important;background-color: #ffffff !important;border-radius: 5px !important;}&#8221; column_box_shadow=&#8221;%5B%7B%22x_offset%22%3A%220px%22%2C%22y_offset%22%3A%2210px%22%2C%22blur_radius%22%3A%2260px%22%2C%22shadow_color%22%3A%22rgba(0%2C%200%2C%200%2C%200.07)%22%7D%5D&#8221;]<style>.ld_cf7_69d7bcb366001 input,.ld_cf7_69d7bcb366001 textarea,.ld_cf7_69d7bcb366001 .ui-button.ui-selectmenu-button{font-size:14px;font-weight:400;}.ld_cf7_69d7bcb366001 input[type=\"submit\"]{font-size:16px;font-weight:700;background:rgb(25, 25, 25);color:rgb(255, 255, 255);border-color:rgb(25, 25, 25);}.ld_cf7_69d7bcb366001 input, .ld_cf7_69d7bcb366001 select, .ld_cf7_69d7bcb366001 textarea, .ld_cf7_69d7bcb366001 .ui-button.ui-selectmenu-button, .ld_cf7_69d7bcb366001 .wpcf7-form-control-wrap > i, .ld_cf7_69d7bcb366001 .wpcf7-radio{color:rgb(0, 0, 0);}.ld_cf7_69d7bcb366001 input:focus, .ld_cf7_69d7bcb366001 select:focus, .ld_cf7_69d7bcb366001 textarea:focus, .ld_cf7_69d7bcb366001 .ui-button.ui-selectmenu-button:hover, .wpcf7-acceptance .wpcf7-list-item-label:after{color:rgb(0, 0, 0);}.ld_cf7_69d7bcb366001 input, .ld_cf7_69d7bcb366001 select, .ld_cf7_69d7bcb366001 textarea, .ld_cf7_69d7bcb366001 .ui-button.ui-selectmenu-button, .ld_cf7_69d7bcb366001 .wpcf7-acceptance .wpcf7-list-item-label:before{border-color:rgb(208, 215, 222);}.ld_cf7_69d7bcb366001 input:focus, .ld_cf7_69d7bcb366001 select:focus, .ld_cf7_69d7bcb366001 textarea:focus, .ld_cf7_69d7bcb366001 .ui-button.ui-selectmenu-button:hover{border-color:rgb(0, 0, 0);}.ld_cf7_69d7bcb366001 input[type=\"submit\"]:focus,.ld_cf7_69d7bcb366001 input[type=\"submit\"]:hover{background:rgb(0, 0, 0);}.ld_cf7_69d7bcb366001 input[type=\"submit\"]:hover{color:rgb(255, 255, 255);border-color:rgb(0, 0, 0);}.ld_cf7_69d7bcb366001 .wpcf7-form-control-wrap{margin-bottom:30px;}<\/style><div id=\"ld_cf7_69d7bcb366001\" class=\"lqd-contact-form lqd-contact-form-inputs-underlined lqd-contact-form-inputs-border-thick lqd-contact-form-button-lg lqd-contact-form-button-block lqd-contact-form-button-round ld_cf7_69d7bcb366001 vc_custom_1767277934737\">\n\t\n<div class=\"wpcf7 no-js\" id=\"wpcf7-f7-o1\" lang=\"tr-TR\" dir=\"ltr\" data-wpcf7-id=\"7\">\n<div class=\"screen-reader-response\"><p role=\"status\" aria-live=\"polite\" aria-atomic=\"true\"><\/p> <ul><\/ul><\/div>\n<form action=\"\/otp\/wp-json\/wp\/v2\/pages\/30#wpcf7-f7-o1\" method=\"post\" class=\"wpcf7-form init\" aria-label=\"\u0130leti\u015fim Formu\" novalidate=\"novalidate\" data-status=\"init\">\n<fieldset class=\"hidden-fields-container\"><input type=\"hidden\" name=\"_wpcf7\" value=\"7\" \/><input type=\"hidden\" name=\"_wpcf7_version\" value=\"6.1.5\" \/><input type=\"hidden\" name=\"_wpcf7_locale\" value=\"tr_TR\" \/><input type=\"hidden\" name=\"_wpcf7_unit_tag\" value=\"wpcf7-f7-o1\" \/><input type=\"hidden\" name=\"_wpcf7_container_post\" value=\"0\" \/><input type=\"hidden\" name=\"_wpcf7_posted_data_hash\" value=\"\" \/>\n<\/fieldset>\n<div class=\"row\">\n\t<div class=\"col-md-6\">\n\t\t<p style=\"margin: 0; color: rgba(0 0 0 \/ 0.3); font-size: 12px;\">Ad\u0131n\u0131z Soyad\u0131n\u0131z\n\t\t<\/p>\n\t\t<p><span class=\"wpcf7-form-control-wrap\" data-name=\"text-619\"><input size=\"40\" maxlength=\"400\" class=\"wpcf7-form-control wpcf7-text wpcf7-validates-as-required\" aria-required=\"true\" aria-invalid=\"false\" placeholder=\"Tam Ad\u0131n\u0131z\u0131 Giriniz\" value=\"\" type=\"text\" name=\"text-619\" \/><\/span>\n\t\t<\/p>\n\t<\/div>\n\t<div class=\"col-md-6\">\n\t\t<p style=\"margin: 0; color: rgba(0 0 0 \/ 0.3); font-size: 12px;\">Email Adresiniz\n\t\t<\/p>\n\t\t<p><span class=\"wpcf7-form-control-wrap\" data-name=\"email-899\"><input size=\"40\" maxlength=\"400\" class=\"wpcf7-form-control wpcf7-email wpcf7-validates-as-required wpcf7-text wpcf7-validates-as-email\" aria-required=\"true\" aria-invalid=\"false\" placeholder=\"mail@adresiniz.com\" value=\"\" type=\"email\" name=\"email-899\" \/><\/span>\n\t\t<\/p>\n\t<\/div>\n\t<div class=\"col-md-6\">\n\t\t<p style=\"margin: 0; color: rgba(0 0 0 \/ 0.3); font-size: 12px;\">(Zorunlu Olmayan Alan)\n\t\t<\/p>\n\t\t<p><span class=\"wpcf7-form-control-wrap\" data-name=\"tel-957\"><input size=\"40\" maxlength=\"400\" class=\"wpcf7-form-control wpcf7-tel wpcf7-text wpcf7-validates-as-tel\" aria-invalid=\"false\" placeholder=\"Telefon Numaran\u0131z\" value=\"\" type=\"tel\" name=\"tel-957\" \/><\/span>\n\t\t<\/p>\n\t<\/div>\n\t<div class=\"col-md-6\">\n\t\t<p style=\"margin: 0; color: rgba(0 0 0 \/ 0.3); font-size: 12px;\">Konu\n\t\t<\/p>\n\t\t<p><span class=\"wpcf7-form-control-wrap\" data-name=\"text-353\"><input size=\"40\" maxlength=\"400\" class=\"wpcf7-form-control wpcf7-text wpcf7-validates-as-required\" aria-required=\"true\" aria-invalid=\"false\" placeholder=\"Ne Hakk\u0131nda Yaz\u0131yorsunuz\" value=\"\" type=\"text\" name=\"text-353\" \/><\/span>\n\t\t<\/p>\n\t<\/div>\n\t<div class=\"col-md-12\">\n\t\t<p style=\"margin: 0; color: rgba(0 0 0 \/ 0.3); font-size: 12px;\">Mesaj\u0131n\u0131z\n\t\t<\/p>\n\t\t<p><span class=\"wpcf7-form-control-wrap\" data-name=\"textarea-889\"><textarea cols=\"10\" rows=\"4\" maxlength=\"2000\" class=\"wpcf7-form-control wpcf7-textarea wpcf7-validates-as-required\" aria-required=\"true\" aria-invalid=\"false\" placeholder=\"Mesaj\u0131n\u0131z\u0131n Detaylar\u0131n\u0131 Yaz\u0131n\u0131z...\" name=\"textarea-889\"><\/textarea><\/span>\n\t\t<\/p>\n\t<\/div>\n\t<div class=\"col-md-12\">\n\t\t<p><span class=\"wpcf7-form-control-wrap\" data-name=\"acceptance-666\"><span class=\"wpcf7-form-control wpcf7-acceptance\"><span class=\"wpcf7-list-item\"><label><input type=\"checkbox\" name=\"acceptance-666\" value=\"1\" aria-invalid=\"false\" \/><span class=\"wpcf7-list-item-label\">Hizmet \u015fartlar\u0131na ba\u011fl\u0131y\u0131m ve Gizlilik Politikas\u0131n\u0131 kabul ediyorum.<\/span><\/label><\/span><\/span><\/span>\n\t\t<\/p>\n\t<\/div>\n\t<div class=\"col-md-12\">\n\t\t<p><input class=\"wpcf7-form-control wpcf7-submit has-spinner\" type=\"submit\" value=\"Mesaj\u0131m\u0131 G\u00f6nder\" \/>\n\t\t<\/p>\n\t<\/div>\n<\/div><div class=\"wpcf7-response-output\" aria-hidden=\"true\"><\/div>\n<\/form>\n<\/div>\n<\/div>[\/vc_column][\/vc_row]<\/p>\n","protected":false},"excerpt":{"rendered":"<p>[vc_row content_placement=&#8221;middle&#8221; parallax=&#8221;enable_parallax&#8221; bg_position=&#8221;center top&#8221; enable_overlay=&#8221;yes&#8221; enable_row_dividers=&#8221;yes&#8221; css=&#8221;.vc_custom_1648477417032{padding-top: 140px !important;padding-bottom: 80px !important;background: #191919 url(https:\/\/www.turkeysummerdancefestival.com\/wp-content\/uploads\/2022\/03\/page-bg-3.jpg?id=110);background-position: center;background-repeat: no-repeat !important;background-size: cover !important;}&#8221; overlay_bg=&#8221;rgba(25, 25, 25, 0.76)&#8221; row_svg_divider=&#8221;bottom_shape_type:9|bottom_shape_color:%23f9f9f9|bottom_shape_height:40&#8243; responsive_css=&#8221;padding_top_medium:170px&#8221;][vc_column][vc_row_inner responsive_css=&#8221;margin_top_large:0px&#8221; css=&#8221;.vc_custom_1650278180718{margin-top: -80px !important;}&#8221;][vc_column_inner responsive_align=&#8221;text-center text-lg-left&#8221;][\/vc_column_inner][\/vc_row_inner][vc_row_inner content_placement=&#8221;middle&#8221;][vc_column_inner width=&#8221;2\/3&#8243; el_class=&#8221;page-title&#8221; responsive_align=&#8221;text-center text-lg-left&#8221;][\/vc_column_inner][vc_column_inner width=&#8221;1\/3&#8243; responsive_align=&#8221;text-center text-lg-right&#8221;][\/vc_column_inner][\/vc_row_inner][\/vc_column][\/vc_row][vc_row content_placement=&#8221;middle&#8221; responsive_css=&#8221;margin_top_large:50px|margin_bottom_large:70px&#8221; css=&#8221;.vc_custom_1650278215795{margin-top: 50px !important;}&#8221;][vc_column width=&#8221;1\/3&#8243; responsive_css=&#8221;padding_top_large:35px|padding_bottom_large:35px&#8221;][vc_separator align=&#8221;align_left&#8221; border_width=&#8221;4&#8243; el_width=&#8221;20&#8243; css=&#8221;.vc_custom_1650053252565{margin-bottom: 20px !important;border-radius: 10px !important;}&#8221;][vc_separator align=&#8221;align_left&#8221; [&hellip;]<\/p>\n","protected":false},"author":1,"featured_media":0,"parent":0,"menu_order":0,"comment_status":"closed","ping_status":"closed","template":"","meta":{"footnotes":""},"class_list":["post-30","page","type-page","status-publish","hentry"],"_links":{"self":[{"href":"https:\/\/www.turkeysummerdancefestival.com\/otp\/wp-json\/wp\/v2\/pages\/30","targetHints":{"allow":["GET"]}}],"collection":[{"href":"https:\/\/www.turkeysummerdancefestival.com\/otp\/wp-json\/wp\/v2\/pages"}],"about":[{"href":"https:\/\/www.turkeysummerdancefestival.com\/otp\/wp-json\/wp\/v2\/types\/page"}],"author":[{"embeddable":true,"href":"https:\/\/www.turkeysummerdancefestival.com\/otp\/wp-json\/wp\/v2\/users\/1"}],"replies":[{"embeddable":true,"href":"https:\/\/www.turkeysummerdancefestival.com\/otp\/wp-json\/wp\/v2\/comments?post=30"}],"version-history":[{"count":5,"href":"https:\/\/www.turkeysummerdancefestival.com\/otp\/wp-json\/wp\/v2\/pages\/30\/revisions"}],"predecessor-version":[{"id":241,"href":"https:\/\/www.turkeysummerdancefestival.com\/otp\/wp-json\/wp\/v2\/pages\/30\/revisions\/241"}],"wp:attachment":[{"href":"https:\/\/www.turkeysummerdancefestival.com\/otp\/wp-json\/wp\/v2\/media?parent=30"}],"curies":[{"name":"wp","href":"https:\/\/api.w.org\/{rel}","templated":true}]}}