{"id":284,"date":"2026-02-13T04:06:57","date_gmt":"2026-02-13T01:06:57","guid":{"rendered":"https:\/\/www.turkeysummerdancefestival.com\/otp\/?page_id=284"},"modified":"2026-02-13T04:06:57","modified_gmt":"2026-02-13T01:06:57","slug":"iptal-ve-iade-sartlari","status":"publish","type":"page","link":"https:\/\/www.turkeysummerdancefestival.com\/otp\/iptal-ve-iade-sartlari\/","title":{"rendered":"\u0130ptal ve \u0130ade \u015eartlar\u0131"},"content":{"rendered":"<p>[vc_row content_placement=&#8221;middle&#8221; parallax=&#8221;enable_parallax&#8221; bg_position=&#8221;center top&#8221; enable_overlay=&#8221;yes&#8221; enable_row_dividers=&#8221;yes&#8221; css=&#8221;.vc_custom_1648477417032{padding-top: 140px !important;padding-bottom: 80px !important;background: #191919 url(https:\/\/www.turkeysummerdancefestival.com\/wp-content\/uploads\/2022\/03\/page-bg-3.jpg?id=110);background-position: center;background-repeat: no-repeat !important;background-size: cover !important;}&#8221; overlay_bg=&#8221;rgba(25, 25, 25, 0.76)&#8221; row_svg_divider=&#8221;bottom_shape_type:9|bottom_shape_color:%23f9f9f9|bottom_shape_height:40&#8243; responsive_css=&#8221;padding_top_medium:170px&#8221;][vc_column]<style>.ld_spacer_69d7bce6a64da{height:32px;}<\/style>\n<div class=\"ld-empty-space ld_spacer_69d7bce6a64da\"><\/div>[vc_row_inner responsive_css=&#8221;margin_top_large:0px&#8221; css=&#8221;.vc_custom_1650278180718{margin-top: -80px !important;}&#8221;][vc_column_inner responsive_align=&#8221;text-center text-lg-left&#8221;]<style>.ld_fancy_heading_69d7bce6a670c h6{color:rgb(255, 255, 255);}.ld_fancy_heading_69d7bce6a670c h6 {font-size:12px; } .ld_fancy_heading_69d7bce6a670c h6 {font-weight:700; } .ld_fancy_heading_69d7bce6a670c h6 {letter-spacing:0.08em; } .ld_fancy_heading_69d7bce6a670c h6 {margin-bottom:1em !important;  } .ld_fancy_heading_69d7bce6a670c .lqd-highlight-inner{height:0.275em!important;bottom:0px!important;}.ld_fancy_heading_69d7bce6a670c h6 {font-size:12px; } .ld_fancy_heading_69d7bce6a670c h6 {font-weight:700; } .ld_fancy_heading_69d7bce6a670c h6 {letter-spacing:0.08em; } .ld_fancy_heading_69d7bce6a670c h6 {margin-bottom:1em !important;  } <\/style><div class=\"ld-fancy-heading text-uppercase ld_fancy_heading_69d7bce6a670c\">\n\t<h6 class=\"ld-fh-element lqd-highlight-underline lqd-highlight-grow-left text-decoration-default\"   >  Turkey Summer Dance Festival<\/h6><\/div>[\/vc_column_inner][\/vc_row_inner][vc_row_inner content_placement=&#8221;middle&#8221;][vc_column_inner width=&#8221;2\/3&#8243; el_class=&#8221;page-title&#8221; responsive_align=&#8221;text-center text-lg-left&#8221;]<style>.ld_fancy_heading_69d7bce6a7357 h1{color:rgb(255, 255, 255);}@media (min-width: 1200px) { .ld_fancy_heading_69d7bce6a7357 h1 {font-size:54px; }  } @media (min-width: 1200px) { .ld_fancy_heading_69d7bce6a7357 h1 {line-height:0.9em; }  } @media (min-width: 1200px) { .ld_fancy_heading_69d7bce6a7357 h1 {--element-line-height:0.9em; }  } .ld_fancy_heading_69d7bce6a7357 .lqd-highlight-inner{height:0.275em!important;bottom:0px!important;}@media (min-width: 1200px) { .ld_fancy_heading_69d7bce6a7357 h1 {font-size:54px; }  } @media (min-width: 1200px) { .ld_fancy_heading_69d7bce6a7357 h1 {line-height:0.9em; }  } @media (min-width: 1200px) { .ld_fancy_heading_69d7bce6a7357 h1 {--element-line-height:0.9em; }  } <\/style><div class=\"ld-fancy-heading ld_fancy_heading_69d7bce6a7357\">\n\t<h1 class=\"ld-fh-element lqd-highlight-underline lqd-highlight-grow-left text-decoration-default\"   >  \u0130ptal ve \u0130ade \u015eartlar\u0131<\/h1><\/div>[\/vc_column_inner][vc_column_inner width=&#8221;1\/3&#8243; responsive_align=&#8221;text-center text-lg-right&#8221;]<style>.ld_fancy_heading_69d7bce6a80a1 p{color:rgb(247, 217, 38);}@media (min-width: 1200px) { .ld_fancy_heading_69d7bce6a80a1 p {font-size:14px; }  } @media (min-width: 1200px) { .ld_fancy_heading_69d7bce6a80a1 p {line-height:16px; }  } @media (min-width: 1200px) { .ld_fancy_heading_69d7bce6a80a1 p {--element-line-height:16px; }  } @media (min-width: 1200px) { .ld_fancy_heading_69d7bce6a80a1 p {font-weight:400; }  } .ld_fancy_heading_69d7bce6a80a1 .lqd-highlight-inner{height:0.275em!important;bottom:0px!important;}@media (min-width: 1200px) { .ld_fancy_heading_69d7bce6a80a1 p {font-size:14px; }  } @media (min-width: 1200px) { .ld_fancy_heading_69d7bce6a80a1 p {line-height:16px; }  } @media (min-width: 1200px) { .ld_fancy_heading_69d7bce6a80a1 p {--element-line-height:16px; }  } @media (min-width: 1200px) { .ld_fancy_heading_69d7bce6a80a1 p {font-weight:400; }  } <\/style><div class=\"ld-fancy-heading ld_fancy_heading_69d7bce6a80a1\">\n\t<p class=\"ld-fh-element lqd-highlight-underline lqd-highlight-grow-left text-decoration-default\"   >  \u015eu Anda Buradas\u0131n\u0131z<\/p><\/div><style>.ld_simple_menu_69d7bce6a857c > ul > li > a{color:rgb(255, 255, 255);}.ld_simple_menu_69d7bce6a857c{margin-inline-start:-8px;margin-inline-end:-8px;}.ld_simple_menu_69d7bce6a857c li{margin-inline-start:8px;margin-inline-end:8px;}.lqd-stickybar > .lqd-head-col > .header-module > .ld_simple_menu_69d7bce6a857c li{margin-top:8px;margin-bottom:8px;}.ld_simple_menu_69d7bce6a857c > ul > li > a:hover, .ld_simple_menu_69d7bce6a857c li.is-active > a{color:rgb(247, 217, 38);}<\/style><div class=\"lqd-fancy-menu lqd-simple-menu ld_simple_menu_69d7bce6a857c\">\n\t<ul class=\"lqd-simple-menu-ul reset-ul inline-nav\">\n\t<li><a href=\"https:\/\/www.turkeysummerdancefestival.com\/otp\/\"><span class=\"link-icon left-icon icon-next-to-label\"><i class=\"fa fa-home\"><\/i><\/span> Ana Sayfa<\/a><\/li><li><a href=\"\/iletisim\"> \u0130leti\u015fim<\/a><\/li>\t<\/ul>\n<\/div>[\/vc_column_inner][\/vc_row_inner]<style>.ld_spacer_69d7bce6a88e5{height:32px;}<\/style>\n<div class=\"ld-empty-space ld_spacer_69d7bce6a88e5\"><\/div>[\/vc_column][\/vc_row][vc_row][vc_column][vc_column_text]Turkey Summer Dance Festival\u2019ini se\u00e7ti\u011finiz i\u00e7in te\u015fekk\u00fcr ederiz.<\/p>\n<p>\u0130ade Durumlar\u0131:<br \/>\n\u2705 Herhangi bir sa\u011fl\u0131k nedeniyle seyahatininizi engelleyecek sa\u011fl\u0131k durumlar\u0131 (Bu duruma dair hastaneden al\u0131nm\u0131\u015f resmi rapor istenmektedir)<br \/>\nBelirli bir s\u00fcre olmay\u0131p festival tarihinden 1(bir) g\u00fcn \u00f6nesine kadar ge\u00e7erlidir.<\/p>\n<p>\u2705 Festival tarihine 3(\u00fc\u00e7) ay kala herhangi bir neden olmaks\u0131z\u0131n iptal edebilirsiniz.<\/p>\n<p>\u274cFestivalimiz y\u00fcksek turizm sezonunda olmas\u0131ndan dolay\u0131 Festival tarihine 3(\u00fc\u00e7) aydan k\u0131sa bir s\u00fcre zarf\u0131nda al\u0131nan biletler iptal edilemez.<\/p>\n<p>Detayl\u0131 bilgi i\u00e7in bizimle ileti\u015fime ge\u00e7ebilirsiniz.<br \/>\n<strong>turkeysummerdancefestival@gmail.com<\/strong>[\/vc_column_text]<style>.ld_spacer_69d7bce6a8a0e{height:32px;}<\/style>\n<div class=\"ld-empty-space ld_spacer_69d7bce6a8a0e\"><\/div>[\/vc_column][\/vc_row]<\/p>\n","protected":false},"excerpt":{"rendered":"<p>[vc_row content_placement=&#8221;middle&#8221; parallax=&#8221;enable_parallax&#8221; bg_position=&#8221;center top&#8221; enable_overlay=&#8221;yes&#8221; enable_row_dividers=&#8221;yes&#8221; css=&#8221;.vc_custom_1648477417032{padding-top: 140px !important;padding-bottom: 80px !important;background: #191919 url(https:\/\/www.turkeysummerdancefestival.com\/wp-content\/uploads\/2022\/03\/page-bg-3.jpg?id=110);background-position: center;background-repeat: no-repeat !important;background-size: cover !important;}&#8221; overlay_bg=&#8221;rgba(25, 25, 25, 0.76)&#8221; row_svg_divider=&#8221;bottom_shape_type:9|bottom_shape_color:%23f9f9f9|bottom_shape_height:40&#8243; responsive_css=&#8221;padding_top_medium:170px&#8221;][vc_column][vc_row_inner responsive_css=&#8221;margin_top_large:0px&#8221; css=&#8221;.vc_custom_1650278180718{margin-top: -80px !important;}&#8221;][vc_column_inner responsive_align=&#8221;text-center text-lg-left&#8221;][\/vc_column_inner][\/vc_row_inner][vc_row_inner content_placement=&#8221;middle&#8221;][vc_column_inner width=&#8221;2\/3&#8243; el_class=&#8221;page-title&#8221; responsive_align=&#8221;text-center text-lg-left&#8221;][\/vc_column_inner][vc_column_inner width=&#8221;1\/3&#8243; responsive_align=&#8221;text-center text-lg-right&#8221;][\/vc_column_inner][\/vc_row_inner][\/vc_column][\/vc_row][vc_row][vc_column][vc_column_text]Turkey Summer Dance Festival\u2019ini se\u00e7ti\u011finiz i\u00e7in te\u015fekk\u00fcr ederiz. \u0130ade Durumlar\u0131: \u2705 Herhangi bir sa\u011fl\u0131k nedeniyle seyahatininizi engelleyecek [&hellip;]<\/p>\n","protected":false},"author":1,"featured_media":0,"parent":0,"menu_order":0,"comment_status":"closed","ping_status":"closed","template":"","meta":{"footnotes":""},"class_list":["post-284","page","type-page","status-publish","hentry"],"_links":{"self":[{"href":"https:\/\/www.turkeysummerdancefestival.com\/otp\/wp-json\/wp\/v2\/pages\/284","targetHints":{"allow":["GET"]}}],"collection":[{"href":"https:\/\/www.turkeysummerdancefestival.com\/otp\/wp-json\/wp\/v2\/pages"}],"about":[{"href":"https:\/\/www.turkeysummerdancefestival.com\/otp\/wp-json\/wp\/v2\/types\/page"}],"author":[{"embeddable":true,"href":"https:\/\/www.turkeysummerdancefestival.com\/otp\/wp-json\/wp\/v2\/users\/1"}],"replies":[{"embeddable":true,"href":"https:\/\/www.turkeysummerdancefestival.com\/otp\/wp-json\/wp\/v2\/comments?post=284"}],"version-history":[{"count":1,"href":"https:\/\/www.turkeysummerdancefestival.com\/otp\/wp-json\/wp\/v2\/pages\/284\/revisions"}],"predecessor-version":[{"id":285,"href":"https:\/\/www.turkeysummerdancefestival.com\/otp\/wp-json\/wp\/v2\/pages\/284\/revisions\/285"}],"wp:attachment":[{"href":"https:\/\/www.turkeysummerdancefestival.com\/otp\/wp-json\/wp\/v2\/media?parent=284"}],"curies":[{"name":"wp","href":"https:\/\/api.w.org\/{rel}","templated":true}]}}